{"id":1373,"date":"2025-11-28T09:59:46","date_gmt":"2025-11-28T12:59:46","guid":{"rendered":"https:\/\/alparedutores.com.br\/?post_type=product&#038;p=1373"},"modified":"2025-11-28T10:06:10","modified_gmt":"2025-11-28T13:06:10","slug":"motores-eletricos-monofasicos-ml","status":"publish","type":"product","link":"https:\/\/alparedutores.com.br\/en\/product\/motores-eletricos-monofasicos-ml\/","title":{"rendered":"Motores El\u00e9tricos Monof\u00e1sicos ML"},"content":{"rendered":"<div id=\"output\" class=\"page-generator__output js-generator-output\">\n<h6 class=\"description__title fs-5 fw-normal text-dark position-relative py-2\">Informa\u00e7\u00f5es<\/h6>\n<div class=\"textoConteudo\">\n<p>A linha de motores el\u00e9tricos monof\u00e1sicos ML possui op\u00e7\u00e3o de ventila\u00e7\u00e3o for\u00e7ada para necessidades especiais para alguns tamanhos. As pot\u00eancias variam de 0,16cv a 5cv. Dispon\u00edvel em frequ\u00eancia de 50 e 60Hz, sob consulta. As tens\u00f5es de alimenta\u00e7\u00e3o variam em 127V e 220V. O regime de servi\u00e7o de todos os tamanhos \u00e9 S1, permitindo funcionamento constante. A classe de isola\u00e7\u00e3o F possibilita opera\u00e7\u00e3o com temperaturas elevadas de at\u00e9 155\u00baC sem que o motor seja danificado. A classe de prote\u00e7\u00e3o IP 55 em todos os tamanhos garante prote\u00e7\u00e3o contra poeiras do ambiente assim como a jatos d\u2019\u00e1gua.<\/p>\n<\/div>\n<h6 class=\"description__title fs-5 fw-normal text-dark position-relative py-2\">Caracter\u00edsticas<\/h6>\n<div class=\"textoConteudo\">\n<ul>\n<li>Baixos n\u00edveis de ru\u00eddo e vibra\u00e7\u00e3o no funcionamento;<\/li>\n<li>Op\u00e7\u00f5es variadas de fixa\u00e7\u00e3o e pot\u00eancias a pronta-entrega;<\/li>\n<li>Eixos de entrada de todos os modelos possui rosca, possibilitando encaixe de polias ou outros acess\u00f3rios.<\/li>\n<\/ul>\n<\/div>\n<\/div>","protected":false},"excerpt":{"rendered":"<p>A linha de motores el\u00e9tricos monof\u00e1sicos ML s\u00e3o motores fabricados em carca\u00e7a de alum\u00ednio com revestimento de pintura e m\u00faltiplas aletas, o que confere leveza, boa dissipa\u00e7\u00e3o de calor e resist\u00eancia a corros\u00e3o e degrada\u00e7\u00e3o pelo ambiente. Possui versatilidade na aplica\u00e7\u00e3o, uma vez que \u00e9 poss\u00edvel customizar a posi\u00e7\u00e3o dos p\u00e9s de apoio, da caixa de liga\u00e7\u00e3o e do prensa cabos. Dispon\u00edvel com concep\u00e7\u00e3o de 4 polos.<br \/>\nM\u00e1quinas de papel<\/p>","protected":false},"featured_media":1374,"comment_status":"open","ping_status":"closed","template":"","meta":{"_gspb_post_css":"","content-type":"","_joinchat":[]},"product_brand":[],"product_cat":[65],"product_tag":[],"class_list":{"0":"post-1373","1":"product","2":"type-product","3":"status-publish","4":"has-post-thumbnail","6":"product_cat-motores","8":"first","9":"instock","10":"virtual","11":"product-type-simple"},"_links":{"self":[{"href":"https:\/\/alparedutores.com.br\/en\/wp-json\/wp\/v2\/product\/1373","targetHints":{"allow":["GET"]}}],"collection":[{"href":"https:\/\/alparedutores.com.br\/en\/wp-json\/wp\/v2\/product"}],"about":[{"href":"https:\/\/alparedutores.com.br\/en\/wp-json\/wp\/v2\/types\/product"}],"replies":[{"embeddable":true,"href":"https:\/\/alparedutores.com.br\/en\/wp-json\/wp\/v2\/comments?post=1373"}],"wp:featuredmedia":[{"embeddable":true,"href":"https:\/\/alparedutores.com.br\/en\/wp-json\/wp\/v2\/media\/1374"}],"wp:attachment":[{"href":"https:\/\/alparedutores.com.br\/en\/wp-json\/wp\/v2\/media?parent=1373"}],"wp:term":[{"taxonomy":"product_brand","embeddable":true,"href":"https:\/\/alparedutores.com.br\/en\/wp-json\/wp\/v2\/product_brand?post=1373"},{"taxonomy":"product_cat","embeddable":true,"href":"https:\/\/alparedutores.com.br\/en\/wp-json\/wp\/v2\/product_cat?post=1373"},{"taxonomy":"product_tag","embeddable":true,"href":"https:\/\/alparedutores.com.br\/en\/wp-json\/wp\/v2\/product_tag?post=1373"}],"curies":[{"name":"wp","href":"https:\/\/api.w.org\/{rel}","templated":true}]}}