{"id":1375,"date":"2025-11-28T10:02:16","date_gmt":"2025-11-28T13:02:16","guid":{"rendered":"https:\/\/alparedutores.com.br\/?post_type=product&#038;p=1375"},"modified":"2025-11-28T10:07:48","modified_gmt":"2025-11-28T13:07:48","slug":"motor-weg-linha-w22","status":"publish","type":"product","link":"https:\/\/alparedutores.com.br\/en\/product\/motor-weg-linha-w22\/","title":{"rendered":"Motor WEG de indu\u00e7\u00e3o trifasico \u2013 Linha W22"},"content":{"rendered":"<div id=\"output\" class=\"page-generator__output js-generator-output\">\n<h6 class=\"description__title fs-5 fw-normal text-dark position-relative py-2\">Informa\u00e7\u00f5es<\/h6>\n<div class=\"textoConteudo\">\n<p>A linha W22 de motores de indu\u00e7\u00e3o trif\u00e1sicos, projetada para oferecer n\u00e3o apenas um consumo de energia significativamente menor, mas tamb\u00e9m menor ru\u00eddo e vibra\u00e7\u00e3o, maior confiabilidade, manuten\u00e7\u00e3o mais f\u00e1cil e menor custo de propriedade. Os motores W22 reduzem o consumo de energia, oferecem excelente custo-benef\u00edcio e, consequentemente, maior produtividade e menores custos para a ind\u00fastria.<\/p>\n<\/div>\n<h6 class=\"description__title fs-5 fw-normal text-dark position-relative py-2\">Caracter\u00edsticas<\/h6>\n<div class=\"textoConteudo\">\n<ul>\n<li><span data-sheets-value=\"{&quot;1&quot;:2,&quot;2&quot;:&quot;Rendimento Premium em conformidade com a nova lei de efici\u00eancia energ\u00e9tica que entrar\u00e1 em vigor a partir de janeiro de 2010\\n\\nGrau de prote\u00e7\u00e3o: IP55W\\nPot\u00eancia: 30 a 600 cv\\nCarca\u00e7as: 225S\/M a 355M\/L\\nPolaridade: II, IV, VI e VIII polos\\nTens\u00e3o: 220\/380\/440 V com 12 cabos\\nFlexibilidade da posi\u00e7\u00e3o da caixa de liga\u00e7\u00e3o (B3D, B3E e B3T)\\nDefletora em ferro fundido\\nGrau de vibra\u00e7\u00e3o A, de acordo com a NBR \/ IEC 34-14\\nSistema de veda\u00e7\u00e3o WSeal\u00ae (exclusivo WEG)\\nSistema de isola\u00e7\u00e3o WISE\u00ae (WEG Insulation System Evolution) \u2013\\nApto a operar com inversores de frequ\u00eancia\\nClasse de isolamento \u201cF\u201d (T 80 K)\\nDois pontos de aterramento na carca\u00e7a\\nFator de servi\u00e7o: 1,15\\nPlano de pintura: 203A\\nCor: Verde RAL 6002&quot;}\" data-sheets-userformat=\"{&quot;2&quot;:33569213,&quot;3&quot;:{&quot;1&quot;:0,&quot;3&quot;:1},&quot;5&quot;:{&quot;1&quot;:[{&quot;1&quot;:2,&quot;2&quot;:0,&quot;5&quot;:{&quot;1&quot;:2,&quot;2&quot;:0}},{&quot;1&quot;:0,&quot;2&quot;:0,&quot;3&quot;:3},{&quot;1&quot;:1,&quot;2&quot;:0,&quot;4&quot;:1}]},&quot;6&quot;:{&quot;1&quot;:[{&quot;1&quot;:2,&quot;2&quot;:0,&quot;5&quot;:{&quot;1&quot;:2,&quot;2&quot;:0}},{&quot;1&quot;:0,&quot;2&quot;:0,&quot;3&quot;:3},{&quot;1&quot;:1,&quot;2&quot;:0,&quot;4&quot;:1}]},&quot;7&quot;:{&quot;1&quot;:[{&quot;1&quot;:2,&quot;2&quot;:0,&quot;5&quot;:{&quot;1&quot;:2,&quot;2&quot;:0}},{&quot;1&quot;:0,&quot;2&quot;:0,&quot;3&quot;:3},{&quot;1&quot;:1,&quot;2&quot;:0,&quot;4&quot;:1}]},&quot;8&quot;:{&quot;1&quot;:[{&quot;1&quot;:2,&quot;2&quot;:0,&quot;5&quot;:{&quot;1&quot;:2,&quot;2&quot;:0}},{&quot;1&quot;:0,&quot;2&quot;:0,&quot;3&quot;:3},{&quot;1&quot;:1,&quot;2&quot;:0,&quot;4&quot;:1}]},&quot;10&quot;:1,&quot;11&quot;:4,&quot;14&quot;:{&quot;1&quot;:3,&quot;3&quot;:1},&quot;15&quot;:&quot;Arial&quot;,&quot;16&quot;:10,&quot;28&quot;:1}\">Rendimento Premium em conformidade com a nova lei de efici\u00eancia energ\u00e9tica que entrar\u00e1 em vigor a partir de janeiro de 2010<\/span>Grau de prote\u00e7\u00e3o: IP55W<br \/>\nPot\u00eancia: 30 a 600 cv<br \/>\nCarca\u00e7as: 225S\/M a 355M\/L<br \/>\nPolaridade: II, IV, VI e VIII polos<br \/>\nTens\u00e3o: 220\/380\/440 V com 12 cabos<br \/>\nFlexibilidade da posi\u00e7\u00e3o da caixa de liga\u00e7\u00e3o (B3D, B3E e B3T)<br \/>\nDefletora em ferro fundido<br \/>\nGrau de vibra\u00e7\u00e3o A, de acordo com a NBR \/ IEC 34-14<br \/>\nSistema de veda\u00e7\u00e3o WSeal\u00ae (exclusivo WEG)<br \/>\nSistema de isola\u00e7\u00e3o WISE\u00ae (WEG Insulation System Evolution) \u2013<br \/>\nApto a operar com inversores de frequ\u00eancia<br \/>\nClasse de isolamento \u201cF\u201d (T 80 K)<br \/>\nDois pontos de aterramento na carca\u00e7a<br \/>\nFator de servi\u00e7o: 1,15<br \/>\nPlano de pintura: 203A<br \/>\nCor: Verde RAL 6002<\/li>\n<\/ul>\n<\/div>\n<\/div>","protected":false},"excerpt":{"rendered":"<p>A linha W22 de motores de indu\u00e7\u00e3o trif\u00e1sicos, projetada para oferecer n\u00e3o apenas um consumo de energia significativamente menor, mas tamb\u00e9m menor ru\u00eddo e vibra\u00e7\u00e3o, maior confiabilidade, manuten\u00e7\u00e3o mais f\u00e1cil e menor custo de propriedade. Os motores W22 reduzem o consumo de energia, oferecem excelente custo-benef\u00edcio e, consequentemente, maior produtividade e menores custos para a ind\u00fastria.<\/p>","protected":false},"featured_media":1377,"comment_status":"open","ping_status":"closed","template":"","meta":{"_gspb_post_css":"","content-type":"","_joinchat":[]},"product_brand":[],"product_cat":[65],"product_tag":[],"class_list":{"0":"post-1375","1":"product","2":"type-product","3":"status-publish","4":"has-post-thumbnail","6":"product_cat-motores","8":"first","9":"instock","10":"virtual","11":"product-type-simple"},"_links":{"self":[{"href":"https:\/\/alparedutores.com.br\/en\/wp-json\/wp\/v2\/product\/1375","targetHints":{"allow":["GET"]}}],"collection":[{"href":"https:\/\/alparedutores.com.br\/en\/wp-json\/wp\/v2\/product"}],"about":[{"href":"https:\/\/alparedutores.com.br\/en\/wp-json\/wp\/v2\/types\/product"}],"replies":[{"embeddable":true,"href":"https:\/\/alparedutores.com.br\/en\/wp-json\/wp\/v2\/comments?post=1375"}],"wp:featuredmedia":[{"embeddable":true,"href":"https:\/\/alparedutores.com.br\/en\/wp-json\/wp\/v2\/media\/1377"}],"wp:attachment":[{"href":"https:\/\/alparedutores.com.br\/en\/wp-json\/wp\/v2\/media?parent=1375"}],"wp:term":[{"taxonomy":"product_brand","embeddable":true,"href":"https:\/\/alparedutores.com.br\/en\/wp-json\/wp\/v2\/product_brand?post=1375"},{"taxonomy":"product_cat","embeddable":true,"href":"https:\/\/alparedutores.com.br\/en\/wp-json\/wp\/v2\/product_cat?post=1375"},{"taxonomy":"product_tag","embeddable":true,"href":"https:\/\/alparedutores.com.br\/en\/wp-json\/wp\/v2\/product_tag?post=1375"}],"curies":[{"name":"wp","href":"https:\/\/api.w.org\/{rel}","templated":true}]}}