{"id":1413,"date":"2025-11-30T19:49:04","date_gmt":"2025-11-30T22:49:04","guid":{"rendered":"https:\/\/alparedutores.com.br\/?post_type=product&#038;p=1413"},"modified":"2025-11-30T20:55:33","modified_gmt":"2025-11-30T23:55:33","slug":"redutores-de-eixos-paralelos-fa","status":"publish","type":"product","link":"https:\/\/alparedutores.com.br\/en\/product\/redutores-de-eixos-paralelos-fa\/","title":{"rendered":"Parallel Shaft Gearboxes"},"content":{"rendered":"<div id=\"output\" class=\"page-generator__output js-generator-output\">\n<p data-start=\"229\" data-end=\"643\">Os redutores de eixos paralelos <strong data-start=\"261\" data-end=\"283\">ALPA \u2013 FA<\/strong> s\u00e3o projetados para entregar alto desempenho, robustez e efici\u00eancia nas mais diversas aplica\u00e7\u00f5es industriais. Compostos por 2 ou 3 pares de engrenagens cil\u00edndricas helicoidais, usinadas com precis\u00e3o e tratadas termicamente, esses redutores atingem faixas de torque de at\u00e9 <strong data-start=\"556\" data-end=\"569\">18.000 Nm<\/strong>, garantindo confiabilidade, durabilidade e excelente rendimento mec\u00e2nico.<\/p>\n<p data-start=\"645\" data-end=\"954\">A combina\u00e7\u00e3o dos est\u00e1gios de redu\u00e7\u00e3o e o design das engrenagens permitem uma ampla variedade de rela\u00e7\u00f5es, assegurando elevada efici\u00eancia e contribuindo para um <strong data-start=\"805\" data-end=\"833\">menor consumo de energia<\/strong> dos motorredutores. \u00c9 a solu\u00e7\u00e3o ideal para quem busca desempenho elevado aliado \u00e0 resist\u00eancia e baixo custo operacional.<\/p>\n<hr data-start=\"956\" data-end=\"959\" \/>\n<h2 data-start=\"961\" data-end=\"1016\"><strong data-start=\"964\" data-end=\"1016\">Caracter\u00edsticas dos Redutores ALPA \u2013FA<\/strong><\/h2>\n<p data-start=\"1018\" data-end=\"1663\">\u2022 Dispon\u00edveis com <strong data-start=\"1036\" data-end=\"1066\">2 ou 3 est\u00e1gios de redu\u00e7\u00e3o<\/strong>, oferecendo ampla faixa de rota\u00e7\u00f5es de sa\u00edda e altos torques;<br data-start=\"1128\" data-end=\"1131\" \/>\u2022 Carca\u00e7a <strong data-start=\"1141\" data-end=\"1166\">100% em ferro fundido<\/strong>, garantindo rigidez, resist\u00eancia e vida \u00fatil superior;<br data-start=\"1221\" data-end=\"1224\" \/>\u2022 Pot\u00eancia de entrada de at\u00e9 <strong data-start=\"1253\" data-end=\"1263\">100 cv<\/strong> e torque m\u00e1ximo de <strong data-start=\"1283\" data-end=\"1296\">18.000 Nm<\/strong>;<br data-start=\"1297\" data-end=\"1300\" \/>\u2022 Sistema de <strong data-start=\"1313\" data-end=\"1346\" data-is-only-node=\"\">lubrifica\u00e7\u00e3o por \u00f3leo mineral<\/strong> em condi\u00e7\u00f5es normais de opera\u00e7\u00e3o;<br data-start=\"1380\" data-end=\"1383\" \/>\u2022 Funcionamento com <strong data-start=\"1403\" data-end=\"1427\">baixo n\u00edvel de ru\u00eddo<\/strong>, resultado da precis\u00e3o no engrenamento helicoidal;<br data-start=\"1478\" data-end=\"1481\" \/>\u2022 Possibilidade de <strong data-start=\"1500\" data-end=\"1533\">montagem em diversas posi\u00e7\u00f5es<\/strong>, adaptando-se a qualquer projeto;<br data-start=\"1567\" data-end=\"1570\" \/>\u2022 Suporta for\u00e7as radiais no eixo de sa\u00edda de at\u00e9 <strong data-start=\"1619\" data-end=\"1632\">100.300 N<\/strong>, ideal para opera\u00e7\u00f5es severas.<\/p>\n<\/div>","protected":false},"excerpt":{"rendered":"<p class=\"cvGsUA direction-ltr align-center para-style-body\"><span class=\"a_GcMg font-feature-liga-off font-feature-clig-off font-feature-calt-off text-decoration-none text-strikethrough-none\">Os redutores de eixos paralelos FA se destacam pela alta capacidade de torque, alcan\u00e7ando at\u00e9 18.000 <\/span><span class=\"a_GcMg font-feature-liga-off font-feature-clig-off font-feature-calt-off text-decoration-none text-strikethrough-none\">Nm. Constru\u00eddos com dois ou tr\u00eas est\u00e1gios de engrenagens cil\u00edndricas helicoidais, s\u00e3o retificadas e <\/span><span class=\"a_GcMg font-feature-liga-off font-feature-clig-off font-feature-calt-off text-decoration-none text-strikethrough-none\">tratadas termicamente para garantir maior durabilidade e desempenho.<\/span><\/p>\n<p class=\"cvGsUA direction-ltr align-center para-style-body\"><span class=\"a_GcMg font-feature-liga-off font-feature-clig-off font-feature-calt-off text-decoration-none text-strikethrough-none\">Gra\u00e7as ao design otimizado dessas engrenagens, oferecem uma ampla gama de rela\u00e7\u00f5es de redu\u00e7\u00e3o e <\/span><span class=\"a_GcMg font-feature-liga-off font-feature-clig-off font-feature-calt-off text-decoration-none text-strikethrough-none\">alta efici\u00eancia, contribuindo para um menor consumo de energia nos motorredutores.<\/span><\/p>\n<p class=\"cvGsUA direction-ltr align-center para-style-body\"><span class=\"a_GcMg font-feature-liga-off font-feature-clig-off font-feature-calt-off text-decoration-none text-strikethrough-none\">Para facilitar a instala\u00e7\u00e3o em diferentes aplica\u00e7\u00f5es industriais, esses redutores podem ser equipados <\/span><span class=\"a_GcMg font-feature-liga-off font-feature-clig-off font-feature-calt-off text-decoration-none text-strikethrough-none\">com diversos acess\u00f3rios de fixa\u00e7\u00e3o, como flanges de sa\u00edda e bra\u00e7os de torque, al\u00e9m da possibilidade <\/span><span class=\"a_GcMg font-feature-liga-off font-feature-clig-off font-feature-calt-off text-decoration-none text-strikethrough-none\">de escolha entre eixos de sa\u00edda maci\u00e7os ou vazados.<\/span><\/p>\n<p class=\"cvGsUA direction-ltr align-center para-style-body\"><span class=\"a_GcMg font-feature-liga-off font-feature-clig-off font-feature-calt-off text-decoration-none text-strikethrough-none\">A estrutura em ferro fundido proporciona resist\u00eancia e confiabilidade, garantindo que o equipamento <\/span><span class=\"a_GcMg font-feature-liga-off font-feature-clig-off font-feature-calt-off text-decoration-none text-strikethrough-none\">suporte os esfor\u00e7os exigidos em seu funcionamento.<\/span><\/p>","protected":false},"featured_media":1426,"comment_status":"open","ping_status":"closed","template":"","meta":{"_gspb_post_css":"","content-type":"","_joinchat":[]},"product_brand":[],"product_cat":[66],"product_tag":[],"class_list":{"0":"post-1413","1":"product","2":"type-product","3":"status-publish","4":"has-post-thumbnail","6":"product_cat-eixo-paralelo","8":"first","9":"instock","10":"featured","11":"downloadable","12":"shipping-taxable","13":"product-type-simple"},"_links":{"self":[{"href":"https:\/\/alparedutores.com.br\/en\/wp-json\/wp\/v2\/product\/1413","targetHints":{"allow":["GET"]}}],"collection":[{"href":"https:\/\/alparedutores.com.br\/en\/wp-json\/wp\/v2\/product"}],"about":[{"href":"https:\/\/alparedutores.com.br\/en\/wp-json\/wp\/v2\/types\/product"}],"replies":[{"embeddable":true,"href":"https:\/\/alparedutores.com.br\/en\/wp-json\/wp\/v2\/comments?post=1413"}],"wp:featuredmedia":[{"embeddable":true,"href":"https:\/\/alparedutores.com.br\/en\/wp-json\/wp\/v2\/media\/1426"}],"wp:attachment":[{"href":"https:\/\/alparedutores.com.br\/en\/wp-json\/wp\/v2\/media?parent=1413"}],"wp:term":[{"taxonomy":"product_brand","embeddable":true,"href":"https:\/\/alparedutores.com.br\/en\/wp-json\/wp\/v2\/product_brand?post=1413"},{"taxonomy":"product_cat","embeddable":true,"href":"https:\/\/alparedutores.com.br\/en\/wp-json\/wp\/v2\/product_cat?post=1413"},{"taxonomy":"product_tag","embeddable":true,"href":"https:\/\/alparedutores.com.br\/en\/wp-json\/wp\/v2\/product_tag?post=1413"}],"curies":[{"name":"wp","href":"https:\/\/api.w.org\/{rel}","templated":true}]}}