{"id":1417,"date":"2025-11-30T20:14:10","date_gmt":"2025-11-30T23:14:10","guid":{"rendered":"https:\/\/alparedutores.com.br\/?post_type=product&#038;p=1417"},"modified":"2025-11-30T20:54:45","modified_gmt":"2025-11-30T23:54:45","slug":"redutores-e-motorredutores-coaxiais-alpa","status":"publish","type":"product","link":"https:\/\/alparedutores.com.br\/en\/product\/redutores-e-motorredutores-coaxiais-alpa\/","title":{"rendered":"Redutores e Motorredutores Coaxiais ALPA"},"content":{"rendered":"<div id=\"output\" class=\"page-generator__output js-generator-output\">\n<h2 data-start=\"139\" data-end=\"196\"><strong data-start=\"142\" data-end=\"196\">Redutores e Motorredutores Coaxiais ALPA\u00a0<\/strong><\/h2>\n<p data-start=\"198\" data-end=\"646\">A linha de redutores e motorredutores coaxiais <strong data-start=\"245\" data-end=\"263\">ALPA \u2013<\/strong>\u00a0foi desenvolvida para entregar m\u00e1xima efici\u00eancia, robustez e desempenho em aplica\u00e7\u00f5es industriais cont\u00ednuas e de alta exig\u00eancia. Fabricados com <strong data-start=\"408\" data-end=\"466\">2 ou 3 est\u00e1gios de engrenagens cil\u00edndricas helicoidais<\/strong>, usinadas com precis\u00e3o e tratadas termicamente, esses conjuntos oferecem uma ampla gama de redu\u00e7\u00f5es, altos n\u00edveis de torque \u2014 chegando a <strong data-start=\"604\" data-end=\"618\">18.000 N\u00b7m<\/strong> \u2014 e rendimento excepcional.<\/p>\n<p data-start=\"648\" data-end=\"895\">Sua constru\u00e7\u00e3o com p\u00e9s permite m\u00faltiplas configura\u00e7\u00f5es de montagem, garantindo versatilidade em m\u00e1quinas e equipamentos. Al\u00e9m disso, a linha aceita aplica\u00e7\u00e3o com <strong data-start=\"810\" data-end=\"830\">flanges de sa\u00edda<\/strong>, facilitando a adapta\u00e7\u00e3o aos mais variados projetos industriais.<\/p>\n<hr data-start=\"897\" data-end=\"900\" \/>\n<h2 data-start=\"902\" data-end=\"962\"><strong data-start=\"905\" data-end=\"962\">Caracter\u00edsticas dos Redutores Coaxiais ALPA\u00a0<\/strong><\/h2>\n<p data-start=\"964\" data-end=\"1702\">\u2022 Funcionamento <strong data-start=\"980\" data-end=\"1002\">suave e silencioso<\/strong>, gra\u00e7as ao engrenamento helicoidal de alta precis\u00e3o;<br data-start=\"1055\" data-end=\"1058\" \/>\u2022 Modelos com <strong data-start=\"1072\" data-end=\"1101\">2 e 3 est\u00e1gios de redu\u00e7\u00e3o<\/strong>, proporcionando ampla faixa de rota\u00e7\u00f5es e torques;<br data-start=\"1152\" data-end=\"1155\" \/>\u2022 Carca\u00e7a constru\u00edda em <strong data-start=\"1179\" data-end=\"1196\">ferro fundido<\/strong>, garantindo rigidez, durabilidade e resist\u00eancia superior;<br data-start=\"1254\" data-end=\"1257\" \/>\u2022 Pot\u00eancia de entrada de at\u00e9 <strong data-start=\"1286\" data-end=\"1296\">100 cv<\/strong> e torque m\u00e1ximo de <strong data-start=\"1316\" data-end=\"1330\">18.000 N\u00b7m<\/strong>;<br data-start=\"1331\" data-end=\"1334\" data-is-only-node=\"\" \/>\u2022 Sistema de <strong data-start=\"1347\" data-end=\"1380\">lubrifica\u00e7\u00e3o por \u00f3leo mineral<\/strong>, ideal para condi\u00e7\u00f5es normais de opera\u00e7\u00e3o;<br data-start=\"1423\" data-end=\"1426\" \/>\u2022 Opera\u00e7\u00e3o com <strong data-start=\"1441\" data-end=\"1465\">baixo n\u00edvel de ru\u00eddo<\/strong>, mesmo em aplica\u00e7\u00f5es de alta carga;<br data-start=\"1501\" data-end=\"1504\" \/>\u2022 Possibilidade de <strong data-start=\"1523\" data-end=\"1556\">montagem em diversas posi\u00e7\u00f5es<\/strong>, adequando-se a qualquer necessidade;<br data-start=\"1594\" data-end=\"1597\" \/>\u2022 Suporta for\u00e7as radiais no eixo de sa\u00edda de at\u00e9 <strong data-start=\"1646\" data-end=\"1659\">120.000 N<\/strong>, tornando-se ideal para trabalhos pesados.<\/p>\n<\/div>","protected":false},"excerpt":{"rendered":"<h2 data-start=\"139\" data-end=\"196\"><strong data-start=\"142\" data-end=\"196\">Redutores e Motorredutores Coaxiais ALPA\u00a0<\/strong><\/h2>\n<p data-start=\"198\" data-end=\"646\">A linha de redutores e motorredutores coaxiais <strong data-start=\"245\" data-end=\"263\">ALPA \u2013<\/strong>\u00a0foi desenvolvida para entregar m\u00e1xima efici\u00eancia, robustez e desempenho em aplica\u00e7\u00f5es industriais cont\u00ednuas e de alta exig\u00eancia. Fabricados com <strong data-start=\"408\" data-end=\"466\">2 ou 3 est\u00e1gios de engrenagens cil\u00edndricas helicoidais<\/strong>, usinadas com precis\u00e3o e tratadas termicamente, esses conjuntos oferecem uma ampla gama de redu\u00e7\u00f5es, altos n\u00edveis de torque \u2014 chegando a <strong data-start=\"604\" data-end=\"618\">18.000 N\u00b7m<\/strong> \u2014 e rendimento excepcional.<\/p>\n<p data-start=\"648\" data-end=\"895\">Sua constru\u00e7\u00e3o com p\u00e9s permite m\u00faltiplas configura\u00e7\u00f5es de montagem, garantindo versatilidade em m\u00e1quinas e equipamentos. Al\u00e9m disso, a linha aceita aplica\u00e7\u00e3o com <strong data-start=\"810\" data-end=\"830\">flanges de sa\u00edda<\/strong>, facilitando a adapta\u00e7\u00e3o aos mais variados projetos industriais.<\/p>","protected":false},"featured_media":1428,"comment_status":"open","ping_status":"closed","template":"","meta":{"_gspb_post_css":"","content-type":"","_joinchat":[]},"product_brand":[],"product_cat":[67],"product_tag":[],"class_list":{"0":"post-1417","1":"product","2":"type-product","3":"status-publish","4":"has-post-thumbnail","6":"product_cat-coaxiais","8":"first","9":"instock","10":"featured","11":"downloadable","12":"shipping-taxable","13":"product-type-simple"},"_links":{"self":[{"href":"https:\/\/alparedutores.com.br\/en\/wp-json\/wp\/v2\/product\/1417","targetHints":{"allow":["GET"]}}],"collection":[{"href":"https:\/\/alparedutores.com.br\/en\/wp-json\/wp\/v2\/product"}],"about":[{"href":"https:\/\/alparedutores.com.br\/en\/wp-json\/wp\/v2\/types\/product"}],"replies":[{"embeddable":true,"href":"https:\/\/alparedutores.com.br\/en\/wp-json\/wp\/v2\/comments?post=1417"}],"wp:featuredmedia":[{"embeddable":true,"href":"https:\/\/alparedutores.com.br\/en\/wp-json\/wp\/v2\/media\/1428"}],"wp:attachment":[{"href":"https:\/\/alparedutores.com.br\/en\/wp-json\/wp\/v2\/media?parent=1417"}],"wp:term":[{"taxonomy":"product_brand","embeddable":true,"href":"https:\/\/alparedutores.com.br\/en\/wp-json\/wp\/v2\/product_brand?post=1417"},{"taxonomy":"product_cat","embeddable":true,"href":"https:\/\/alparedutores.com.br\/en\/wp-json\/wp\/v2\/product_cat?post=1417"},{"taxonomy":"product_tag","embeddable":true,"href":"https:\/\/alparedutores.com.br\/en\/wp-json\/wp\/v2\/product_tag?post=1417"}],"curies":[{"name":"wp","href":"https:\/\/api.w.org\/{rel}","templated":true}]}}