{"id":249,"date":"2022-01-13T17:06:32","date_gmt":"2022-01-13T17:06:32","guid":{"rendered":"https:\/\/startersites.io\/blocksy\/floreo\/?post_type=product&#038;p=249"},"modified":"2025-11-28T09:51:55","modified_gmt":"2025-11-28T12:51:55","slug":"redutores-duplos","status":"publish","type":"product","link":"https:\/\/alparedutores.com.br\/en\/product\/redutores-duplos\/","title":{"rendered":"REDUTORES DUPLOS \u2013 DUPLEX"},"content":{"rendered":"<div id=\"output\" class=\"page-generator__output js-generator-output\">\n<h5><strong>REDUTORES DUPLOS:<\/strong><\/h5>\n<p class=\"body\">Os redutores duplos modelo ALPA, tem como caracter\u00edstica a uni\u00e3o de dois redutores, esta linha de redutores e motorredutores possui uma grande variedade de redu\u00e7\u00f5es de 300 at\u00e9 10.000, e \u00e9 ideal para aplica\u00e7\u00f5es que necessitam grandes redu\u00e7\u00f5es. O formato quadrado de seu corpo e os acess\u00f3rios de fixa\u00e7\u00e3o, como flanges de sa\u00edda e bra\u00e7os de torque, proporcionam diversas op\u00e7\u00f5es de montagem nas m\u00e1quinas e equipamentos. Eles podem ainda ser fornecidos com eixos de sa\u00edda maci\u00e7os ou vazados. Os redutores s\u00e3o fabricados em carca\u00e7a de alum\u00ednio nos modelos menores, conferindo leveza e melhorando a dissipa\u00e7\u00e3o de calor, e em ferro fundido nos modelos maiores, para aplica\u00e7\u00f5es que necessitam de uma grande robustez.<\/p>\n<p>&nbsp;<\/p>\n<div class=\"layout-element layout-element--layout layout-element transition transition--undefined\" data-v-f5dd3112=\"\">\n<div id=\"zh9Sh-\" class=\"text-box layout-element__component layout-element__component--GridTextBox\" data-v-f5dd3112=\"\" data-qa=\"gridtextbox:zh9sh-\">\n<div class=\"layout-element layout-element--layout layout-element transition transition--undefined\" data-v-f5dd3112=\"\">\n<div id=\"zsDDUH\" class=\"text-box layout-element__component layout-element__component--GridTextBox\" data-v-f5dd3112=\"\" data-qa=\"gridtextbox:zsdduh\">\n<h5><strong>INFORMA\u00c7\u00d5ES DO REDUTOR:<\/strong><\/h5>\n<p class=\"body\">\u2013 Fura\u00e7\u00f5es para fixa\u00e7\u00e3o na pr\u00f3pria carca\u00e7a;<\/p>\n<p class=\"body\">\u2013 Lubrifica\u00e7\u00e3o permanente com \u00f3leo s\u00edntetico;<\/p>\n<p class=\"body\">\u2013 Rolamentos vedados para montagem em qualquer posi\u00e7\u00e3o;<\/p>\n<p class=\"body\">\u2013 Possibilidade de montagens de duplas redu\u00e7\u00f5es (baixas RPMs)<\/p>\n<p class=\"body\">\u2013 Corpo em alum\u00ednio para tamanhos menores e ferro fundido para tamanhos maiores;<\/p>\n<p class=\"body\">\u2013 Modularidade;<\/p>\n<p class=\"body\">\u2013 Desenhos 2D ou 3D dos redutores. e equipamentos.<\/p>\n<\/div>\n<\/div>\n<div class=\"layout-element layout-element--layout layout-element transition transition--undefined\" data-v-f5dd3112=\"\">\n<div id=\"zvp7X0\" class=\"text-box layout-element__component layout-element__component--GridTextBox\" data-v-f5dd3112=\"\" data-qa=\"gridtextbox:zvp7x0\">\n<h5><strong>ACESS\u00d3RIOS:<\/strong><\/h5>\n<p class=\"body\">\u2013 Flanges de Sa\u00edda;<\/p>\n<p class=\"body\">\u2013 Bra\u00e7os de Torque;<\/p>\n<p class=\"body\">\u2013 Eixos de Sa\u00edda;<\/p>\n<\/div>\n<\/div>\n<div class=\"layout-element layout-element--layout layout-element transition transition--undefined\" data-v-f5dd3112=\"\">\n<div id=\"zcFQzo\" class=\"text-box layout-element__component layout-element__component--GridTextBox\" data-v-f5dd3112=\"\" data-qa=\"gridtextbox:zcfqzo\">\n<h5><strong>REDU\u00c7\u00d5ES DISPON\u00cdVEIS:<\/strong><\/h5>\n<p class=\"body\">-Redu\u00e7\u00f5es de 1\/100 at\u00e9 1\/10.000<\/p>\n<\/div>\n<\/div>\n<div class=\"layout-element layout-element--layout layout-element transition transition--undefined\" data-v-f5dd3112=\"\">\n<div id=\"zVNujO\" class=\"text-box layout-element__component layout-element__component--GridTextBox\" data-v-f5dd3112=\"\" data-qa=\"gridtextbox:zvnujo\">\n<h5><strong>MOTORES DISPON\u00cdVEIS:<\/strong><\/h5>\n<p class=\"body\">-Contamos com motores a pronta entrega de 0,16cv at\u00e9 50cv.<\/p>\n<\/div>\n<\/div>\n<\/div>\n<\/div>\n<\/div>","protected":false},"excerpt":{"rendered":"<h5><strong>REDUTORES DUPLOS:<\/strong><\/h5>\n<p class=\"body\">Os redutores duplos modelo ALPA, tem como caracter\u00edstica a uni\u00e3o de dois redutores, esta linha de redutores e motorredutores possui uma grande variedade de redu\u00e7\u00f5es de 300 at\u00e9 10.000, e \u00e9 ideal para aplica\u00e7\u00f5es que necessitam grandes redu\u00e7\u00f5es. O formato quadrado de seu corpo e os acess\u00f3rios de fixa\u00e7\u00e3o, como flanges de sa\u00edda e bra\u00e7os de torque, proporcionam diversas op\u00e7\u00f5es de montagem nas m\u00e1quinas e equipamentos. Eles podem ainda ser fornecidos com eixos de sa\u00edda maci\u00e7os ou vazados. Os redutores s\u00e3o fabricados em carca\u00e7a de alum\u00ednio nos modelos menores, conferindo leveza e melhorando a dissipa\u00e7\u00e3o de calor, e em ferro fundido nos modelos maiores, para aplica\u00e7\u00f5es que necessitam de uma grande robustez.<\/p>","protected":false},"featured_media":1366,"comment_status":"open","ping_status":"closed","template":"","meta":{"_gspb_post_css":"","content-type":"","_joinchat":[]},"product_brand":[],"product_cat":[62],"product_tag":[],"class_list":{"0":"post-249","1":"product","2":"type-product","3":"status-publish","4":"has-post-thumbnail","6":"product_cat-redutores-duplex","8":"first","9":"instock","10":"virtual","11":"product-type-simple"},"_links":{"self":[{"href":"https:\/\/alparedutores.com.br\/en\/wp-json\/wp\/v2\/product\/249","targetHints":{"allow":["GET"]}}],"collection":[{"href":"https:\/\/alparedutores.com.br\/en\/wp-json\/wp\/v2\/product"}],"about":[{"href":"https:\/\/alparedutores.com.br\/en\/wp-json\/wp\/v2\/types\/product"}],"replies":[{"embeddable":true,"href":"https:\/\/alparedutores.com.br\/en\/wp-json\/wp\/v2\/comments?post=249"}],"wp:featuredmedia":[{"embeddable":true,"href":"https:\/\/alparedutores.com.br\/en\/wp-json\/wp\/v2\/media\/1366"}],"wp:attachment":[{"href":"https:\/\/alparedutores.com.br\/en\/wp-json\/wp\/v2\/media?parent=249"}],"wp:term":[{"taxonomy":"product_brand","embeddable":true,"href":"https:\/\/alparedutores.com.br\/en\/wp-json\/wp\/v2\/product_brand?post=249"},{"taxonomy":"product_cat","embeddable":true,"href":"https:\/\/alparedutores.com.br\/en\/wp-json\/wp\/v2\/product_cat?post=249"},{"taxonomy":"product_tag","embeddable":true,"href":"https:\/\/alparedutores.com.br\/en\/wp-json\/wp\/v2\/product_tag?post=249"}],"curies":[{"name":"wp","href":"https:\/\/api.w.org\/{rel}","templated":true}]}}