{"id":481,"date":"2022-01-14T17:21:10","date_gmt":"2022-01-14T17:21:10","guid":{"rendered":"https:\/\/startersites.io\/blocksy\/floreo\/?post_type=product&#038;p=481"},"modified":"2025-11-28T11:44:13","modified_gmt":"2025-11-28T14:44:13","slug":"redutores-de-eixos-paralelos","status":"publish","type":"product","link":"https:\/\/alparedutores.com.br\/en\/product\/redutores-de-eixos-paralelos\/","title":{"rendered":"Redutores de Eixos Paralelos (Linha Italiana)"},"content":{"rendered":"<div id=\"output\" class=\"page-generator__output js-generator-output\">\n<h6 class=\"description__title fs-5 fw-normal text-dark position-relative py-2\">Informa\u00e7\u00f5es<\/h6>\n<div class=\"textoConteudo\">\n<p>Os redutores e motorredutores da linha P s\u00e3o fabricados a partir de um projeto robusto de engenharia, desde a transmiss\u00e3o mec\u00e2nica at\u00e9 os acabamentos. A carca\u00e7a \u00e9 usinada com exatid\u00e3o para garantir a precis\u00e3o mec\u00e2nica da montagem e tratada superficialmente para aumento da prote\u00e7\u00e3o e consequente vida \u00fatil do produto. As engrenagens que comp\u00f5e os 1 a\u00a03 est\u00e1gios dispon\u00edveis\u00a0s\u00e3o helicoidais, tratadas termicamente e retificadas, o que reduz o ru\u00eddo e aumenta a efici\u00eancia. Todos os modelos possuem tampa de inspe\u00e7\u00e3o inferior, possibilitando aumento da produtividade nas rotinas de manuten\u00e7\u00e3o. \u00c9 a escolha ideal para quem busca durabilidade, precis\u00e3o e desempenho superiores.<\/p>\n<\/div>\n<h6><\/h6>\n<h6 class=\"description__title fs-5 fw-normal text-dark position-relative py-2\">Caracter\u00edsticas<\/h6>\n<div class=\"textoConteudo\">\n<ul>\n<li>Redutores com 1 at\u00e9 3 est\u00e1gios de redu\u00e7\u00e3o, proporcionam uma ampla faixa de rota\u00e7\u00f5es de sa\u00edda e torques;<\/li>\n<li>Tamanhos\u00a0FA32, FA33, FA41, FA42, FA43, FA52, FA53, FC62 e FC63 em carca\u00e7a de alum\u00ednio, pot\u00eancia de entrada de at\u00e9 12,5 cv. Lubrifica\u00e7\u00e3o com \u00f3leo sint\u00e9tico, sem necessidade de manuten\u00e7\u00e3o. Torque nominal de at\u00e9 600Nm;<\/li>\n<li>Tamanhos FC71, FC72, FC73, FC81, FC82 e FC83 em carca\u00e7a de ferro fundido, pot\u00eancia de entrada de at\u00e9 30 cv. Torque nominal de at\u00e9 2100Nm, a lubrifica\u00e7\u00e3o \u00e9 por \u00f3leo mineral;<\/li>\n<li>Opera\u00e7\u00e3o com baixo ru\u00eddo;<\/li>\n<li>Pode ser montado nas mais diversas posi\u00e7\u00f5es;<\/li>\n<li>For\u00e7as radiais no eixo de sa\u00edda podem variar de 600N a 5000N.<\/li>\n<\/ul>\n<h3 class=\"description__title fs-5 fw-normal text-dark position-relative py-2\">Acess\u00f3rios e opcionais<\/h3>\n<div class=\"textoConteudo\">\n<p>Acess\u00f3rios:<\/p>\n<ul>\n<li>Eixo de sa\u00edda maci\u00e7o;<\/li>\n<li>Eixo de entrada maci\u00e7o;<\/li>\n<li>Flange de sa\u00edda com v\u00e1rias op\u00e7\u00f5es de di\u00e2metros externos;<\/li>\n<li>Bra\u00e7o de tor\u00e7\u00e3o;<\/li>\n<\/ul>\n<p>Opcionais:<\/p>\n<ul>\n<li>Acess\u00f3rios customizados de acordo com a necessidade do cliente;<\/li>\n<li>Dispon\u00edvel com \u00f3leo para baixa e alta temperatura e tamb\u00e9m em grau aliment\u00edcio;<\/li>\n<li>Redutor com disco de contra\u00e7\u00e3o, sem necessidade de utiliza\u00e7\u00e3o de chavetas;<\/li>\n<li>Redutores em carca\u00e7a de ferro fundido tamb\u00e9m dispon\u00edveis no modelo blindado com \u00f3leo sint\u00e9tico.<\/li>\n<\/ul>\n<\/div>\n<\/div>\n<\/div>","protected":false},"excerpt":{"rendered":"<p>Os redutores de eixos paralelos JADD \u2013 P s\u00e3o compostos por 2 ou 3 pares de engrenagens cil\u00edndricas helicoidais retificadas e termicamente tratadas. As combina\u00e7\u00f5es e caracter\u00edsticas dessas engrenagens possibilitam variadas op\u00e7\u00f5es de redu\u00e7\u00f5es e um rendimento elevado, resultando em menor consumo de energia dos motorredutores devido \u00e0 efici\u00eancia.<\/p>","protected":false},"featured_media":1364,"comment_status":"open","ping_status":"closed","template":"","meta":{"_gspb_post_css":"","content-type":"","_joinchat":[]},"product_brand":[],"product_cat":[15],"product_tag":[],"class_list":{"0":"post-481","1":"product","2":"type-product","3":"status-publish","4":"has-post-thumbnail","6":"product_cat-uncategorized","8":"first","9":"instock","10":"featured","11":"shipping-taxable","12":"product-type-simple"},"_links":{"self":[{"href":"https:\/\/alparedutores.com.br\/en\/wp-json\/wp\/v2\/product\/481","targetHints":{"allow":["GET"]}}],"collection":[{"href":"https:\/\/alparedutores.com.br\/en\/wp-json\/wp\/v2\/product"}],"about":[{"href":"https:\/\/alparedutores.com.br\/en\/wp-json\/wp\/v2\/types\/product"}],"replies":[{"embeddable":true,"href":"https:\/\/alparedutores.com.br\/en\/wp-json\/wp\/v2\/comments?post=481"}],"wp:featuredmedia":[{"embeddable":true,"href":"https:\/\/alparedutores.com.br\/en\/wp-json\/wp\/v2\/media\/1364"}],"wp:attachment":[{"href":"https:\/\/alparedutores.com.br\/en\/wp-json\/wp\/v2\/media?parent=481"}],"wp:term":[{"taxonomy":"product_brand","embeddable":true,"href":"https:\/\/alparedutores.com.br\/en\/wp-json\/wp\/v2\/product_brand?post=481"},{"taxonomy":"product_cat","embeddable":true,"href":"https:\/\/alparedutores.com.br\/en\/wp-json\/wp\/v2\/product_cat?post=481"},{"taxonomy":"product_tag","embeddable":true,"href":"https:\/\/alparedutores.com.br\/en\/wp-json\/wp\/v2\/product_tag?post=481"}],"curies":[{"name":"wp","href":"https:\/\/api.w.org\/{rel}","templated":true}]}}