{"id":483,"date":"2022-01-14T17:22:03","date_gmt":"2022-01-14T17:22:03","guid":{"rendered":"https:\/\/startersites.io\/blocksy\/floreo\/?post_type=product&#038;p=483"},"modified":"2025-11-28T11:44:37","modified_gmt":"2025-11-28T14:44:37","slug":"redutores-de-engrenagens-cilindricas-helicoidais-e-conicas-helicoidais","status":"publish","type":"product","link":"https:\/\/alparedutores.com.br\/en\/product\/redutores-de-engrenagens-cilindricas-helicoidais-e-conicas-helicoidais\/","title":{"rendered":"Redutores de engrenagens cil\u00edndricas helicoidais e c\u00f4nicas helicoidais (Linha Italiana)"},"content":{"rendered":"<h6 class=\"description__title fs-5 fw-normal text-dark position-relative py-2\">Informa\u00e7\u00f5es<\/h6>\n<div class=\"textoConteudo\">\n<p>Os redutores e motorredutores da linha X possuem versatilidade na aplica\u00e7\u00e3o. Nos tamanhos menores s\u00e3o fornecidos em carca\u00e7a de alum\u00ednio com lubrifica\u00e7\u00e3o permanente por \u00f3leo sint\u00e9tico e nos modelos maiores, fornecidos em carca\u00e7a de ferro fundido, garantindo robustez nas aplica\u00e7\u00f5es mais pesadas. Faixas de torque de sa\u00edda variam de 50Nm a 4600Nm, atendendo diversos segmentos.<\/p>\n<\/div>\n<h6 class=\"description__title fs-5 fw-normal text-dark position-relative py-2\">Caracter\u00edsticas<\/h6>\n<div class=\"textoConteudo\">\n<ul>\n<li>Engrenagens temperadas e retificadas, garantindo resist\u00eancia e precis\u00e3o dimensional. Redutores com 2 at\u00e9 4 est\u00e1gios de redu\u00e7\u00e3o, proporcionam uma ampla faixa de rota\u00e7\u00f5es de sa\u00edda e torques.<\/li>\n<li>Tamanhos\u00a022S, 32S, 33S, 42A, 43A, 52A, 53A, 62A e 63A em carca\u00e7a de alum\u00ednio, pot\u00eancia de entrada de at\u00e9 75 cv. Lubrifica\u00e7\u00e3o com \u00f3leo sint\u00e9tico, sem necessidade de manuten\u00e7\u00e3o. Torque nominal de at\u00e9 410Nm.<\/li>\n<li>Tamanhos 73C, 74C, 83C, 84C, 93C, 94C, 103, 104, 113 e 114 em carca\u00e7a de ferro fundido, pot\u00eancia de entrada de at\u00e9 30 cv. Lubrifica\u00e7\u00e3o por \u00f3leo mineral. Torque nominal de at\u00e9 4600 Nm.<\/li>\n<li>Opera\u00e7\u00e3o com baixo ru\u00eddo e mais precisa mecanicamente devido a concep\u00e7\u00e3o com engrenagens helicoidais e c\u00f4nicas;<\/li>\n<li>Pode ser montado nas mais diversas posi\u00e7\u00f5es, gra\u00e7a as diversas op\u00e7\u00f5es de acess\u00f3rios de fixa\u00e7\u00e3o dispon\u00edveis.<\/li>\n<li>For\u00e7as radiais no eixo de sa\u00edda podem variar de 440N a 5600N.<\/li>\n<\/ul>\n<h3 class=\"description__title fs-5 fw-normal text-dark position-relative py-2\">Acess\u00f3rios e opcionais<\/h3>\n<div class=\"textoConteudo\">\n<section class=\"detalhe__bloco py-5 my-5 conteudo\">\n<div class=\"container\">\n<div class=\"row\">\n<div class=\"col-12\">\n<div id=\"descriptionTabsContent\" class=\"tab-content\">\n<div id=\"opcionais-tab-pane\" class=\"tab-pane fade pt-5 active show\" tabindex=\"0\" role=\"tabpanel\" aria-labelledby=\"opcionais-tab\">\n<div class=\"textoConteudo\">\n<p>Acess\u00f3rios:<\/p>\n<ul>\n<li>Eixo de sa\u00edda maci\u00e7o;<\/li>\n<li>Eixo de entrada maci\u00e7o;<\/li>\n<li>Flange de sa\u00edda com v\u00e1rias op\u00e7\u00f5es de di\u00e2metros externos;<\/li>\n<li>Bra\u00e7o de tor\u00e7\u00e3o.<\/li>\n<\/ul>\n<p>Opcionais:<\/p>\n<ul>\n<li>Acess\u00f3rios customizados de acordo com a necessidade do cliente;<\/li>\n<li>Dispon\u00edvel com \u00f3leo para baixa e alta temperatura e tamb\u00e9m em grau aliment\u00edcio;<\/li>\n<li>Redutor com disco de contra\u00e7\u00e3o, sem necessidade de utiliza\u00e7\u00e3o de chavetas;<\/li>\n<li>Redutores em carca\u00e7a de ferro fundido com \u00f3leo mineral tamb\u00e9m dispon\u00edveis no modelo blindado com \u00f3leo sint\u00e9tico e tamp\u00f5es no lugar de respiro e n\u00edvel;<\/li>\n<li>Pintura anticorrosiva.<\/li>\n<\/ul>\n<\/div>\n<\/div>\n<\/div>\n<\/div>\n<\/div>\n<\/div>\n<\/section>\n<\/div>\n<\/div>","protected":false},"excerpt":{"rendered":"<p>Devido \u00e0s combina\u00e7\u00f5es de engrenagens cil\u00edndricas helicoidais e c\u00f4nicas helicoidais retificadas utilizadas em sua montagem, a linha de redutores e motorredutores JADD X se destaca por unir a caracter\u00edstica de alto rendimento (efici\u00eancia energ\u00e9tica) com uma configura\u00e7\u00e3o ortogonal, ou seja, sa\u00edda de 90 graus em rela\u00e7\u00e3o ao sentido do motor. Os acess\u00f3rios de fixa\u00e7\u00e3o como flanges de sa\u00edda e bra\u00e7o de torque proporcionam diversas op\u00e7\u00f5es de montagem nas m\u00e1quinas e equipamentos, sendo que ainda podem ser fornecidos com eixos de sa\u00edda maci\u00e7os ou vazados.<\/p>","protected":false},"featured_media":1363,"comment_status":"open","ping_status":"closed","template":"","meta":{"_gspb_post_css":"","content-type":"","_joinchat":[]},"product_brand":[],"product_cat":[15],"product_tag":[],"class_list":{"0":"post-483","1":"product","2":"type-product","3":"status-publish","4":"has-post-thumbnail","6":"product_cat-uncategorized","8":"first","9":"instock","10":"featured","11":"virtual","12":"product-type-simple"},"_links":{"self":[{"href":"https:\/\/alparedutores.com.br\/en\/wp-json\/wp\/v2\/product\/483","targetHints":{"allow":["GET"]}}],"collection":[{"href":"https:\/\/alparedutores.com.br\/en\/wp-json\/wp\/v2\/product"}],"about":[{"href":"https:\/\/alparedutores.com.br\/en\/wp-json\/wp\/v2\/types\/product"}],"replies":[{"embeddable":true,"href":"https:\/\/alparedutores.com.br\/en\/wp-json\/wp\/v2\/comments?post=483"}],"wp:featuredmedia":[{"embeddable":true,"href":"https:\/\/alparedutores.com.br\/en\/wp-json\/wp\/v2\/media\/1363"}],"wp:attachment":[{"href":"https:\/\/alparedutores.com.br\/en\/wp-json\/wp\/v2\/media?parent=483"}],"wp:term":[{"taxonomy":"product_brand","embeddable":true,"href":"https:\/\/alparedutores.com.br\/en\/wp-json\/wp\/v2\/product_brand?post=483"},{"taxonomy":"product_cat","embeddable":true,"href":"https:\/\/alparedutores.com.br\/en\/wp-json\/wp\/v2\/product_cat?post=483"},{"taxonomy":"product_tag","embeddable":true,"href":"https:\/\/alparedutores.com.br\/en\/wp-json\/wp\/v2\/product_tag?post=483"}],"curies":[{"name":"wp","href":"https:\/\/api.w.org\/{rel}","templated":true}]}}