{"id":485,"date":"2022-01-14T17:27:26","date_gmt":"2022-01-14T17:27:26","guid":{"rendered":"https:\/\/startersites.io\/blocksy\/floreo\/?post_type=product&#038;p=485"},"modified":"2025-11-28T11:44:20","modified_gmt":"2025-11-28T14:44:20","slug":"redutor-coroa-e-sem-fim-de-corpo-redondo","status":"publish","type":"product","link":"https:\/\/alparedutores.com.br\/en\/product\/redutor-coroa-e-sem-fim-de-corpo-redondo\/","title":{"rendered":"Redutor coroa e sem-fim de corpo redondo (Linha Italiana)"},"content":{"rendered":"<div id=\"output\" class=\"page-generator__output js-generator-output\">\n<p>Informa\u00e7\u00f5es:<br \/>\nOs redutores e motorredutores da linha JADD R destacam-se por sua fabrica\u00e7\u00e3o com engrenagens de coroa e rosca sem-fim, proporcionando um excelente custo-benef\u00edcio, alto desempenho e modularidade. Com corpo redondo e op\u00e7\u00f5es vers\u00e1teis de montagem, incluindo flanges de sa\u00edda e eixos maci\u00e7os ou vazados, se adaptam em diversas aplica\u00e7\u00f5es. A carca\u00e7a de alum\u00ednio proporciona leveza e melhor dissipa\u00e7\u00e3o de calor. Todos os tamanhos s\u00e3o equipados com \u00f3leo sint\u00e9tico (lubrifica\u00e7\u00e3o permanente), rolamentos blindados, uni\u00e3o ao eixo do motor por acoplamento, e eixo sem-fim tratado termicamente e retificado, proporcionando maior efici\u00eancia.<\/p>\n<p>Caracter\u00edsticas:<\/p>\n<ul>\n<li>Funcionamento suave e com baixo n\u00edvel de ru\u00eddo;<\/li>\n<li>Modular, flex\u00edvel e vers\u00e1til;<\/li>\n<li>IBR R tamanhos\u00a0030 \u2013 045 \u2013 050 \u2013 063 \u2013 085 com carca\u00e7a em alum\u00ednio \u2013 Pot\u00eancia m\u00e1xima de 7,5 CV Torque m\u00e1ximo admitido de 347Nm e carga radial m\u00e1xima de 5000 N;<\/li>\n<li>Rela\u00e7\u00e3o de transmiss\u00e3o de 7 at\u00e9 100;<\/li>\n<li>Fixa\u00e7\u00e3o pela carca\u00e7a do redutor ou atrav\u00e9s de acess\u00f3rios;<\/li>\n<li>Produto com lubrifica\u00e7\u00e3o permanente, j\u00e1 com \u00f3leo sint\u00e9tico e pronto para uso;<\/li>\n<li>Flexibilidade na montagem, permitindo uso em posi\u00e7\u00f5es universais sem necessidade de ajuste do volume de \u00f3leo;<\/li>\n<li>Dispon\u00edvel com \u00f3leo para baixa e alta temperatura e tamb\u00e9m em grau aliment\u00edcio;<\/li>\n<li>Retentores opcionais de Teflon e Viton.<\/li>\n<\/ul>\n<p>Acess\u00f3rios:<\/p>\n<ul>\n<li>Eixo de entrada maci\u00e7o;<\/li>\n<li>Eixo de sa\u00edda maci\u00e7o;<\/li>\n<li>Eixo estendido;<\/li>\n<li>Eixo de sa\u00edda maci\u00e7o duplo;<\/li>\n<li>Flange de sa\u00edda;<\/li>\n<li>Bra\u00e7o de tor\u00e7\u00e3o;<\/li>\n<li>Flange para acoplamento de servomotor;<\/li>\n<li>Flange para motor hidr\u00e1ulico.<\/li>\n<li>P\u00e9s.<\/li>\n<\/ul>\n<p>Opcionais:<\/p>\n<ul>\n<li>Eixos e flanges especiais;<\/li>\n<li>Pintura anticorrosiva;<\/li>\n<li>Eixo de sa\u00edda vazado em inox.<\/li>\n<\/ul>\n<\/div>","protected":false},"excerpt":{"rendered":"<p>Os redutores e motorredutores da linha JADD R destacam-se por sua fabrica\u00e7\u00e3o com engrenagens de coroa e rosca sem-fim, proporcionando um excelente custo-benef\u00edcio, alto desempenho e modularidade. Com corpo redondo e op\u00e7\u00f5es vers\u00e1teis de montagem, incluindo flanges de sa\u00edda e eixos maci\u00e7os ou vazados, se adaptam em diversas aplica\u00e7\u00f5es. A carca\u00e7a de alum\u00ednio proporciona leveza e melhor dissipa\u00e7\u00e3o de calor. Todos os tamanhos s\u00e3o equipados com \u00f3leo sint\u00e9tico (lubrifica\u00e7\u00e3o permanente), rolamentos blindados, uni\u00e3o ao eixo do motor por acoplamento, e eixo sem-fim tratado termicamente e retificado, proporcionando maior efici\u00eancia.<\/p>","protected":false},"featured_media":1362,"comment_status":"open","ping_status":"closed","template":"","meta":{"_gspb_post_css":"","content-type":"","_joinchat":[]},"product_brand":[],"product_cat":[60],"product_tag":[],"class_list":{"0":"post-485","1":"product","2":"type-product","3":"status-publish","4":"has-post-thumbnail","6":"product_cat-coroa-e-sem-fim","8":"first","9":"instock","10":"featured","11":"downloadable","12":"virtual","13":"product-type-simple"},"_links":{"self":[{"href":"https:\/\/alparedutores.com.br\/en\/wp-json\/wp\/v2\/product\/485","targetHints":{"allow":["GET"]}}],"collection":[{"href":"https:\/\/alparedutores.com.br\/en\/wp-json\/wp\/v2\/product"}],"about":[{"href":"https:\/\/alparedutores.com.br\/en\/wp-json\/wp\/v2\/types\/product"}],"replies":[{"embeddable":true,"href":"https:\/\/alparedutores.com.br\/en\/wp-json\/wp\/v2\/comments?post=485"}],"wp:featuredmedia":[{"embeddable":true,"href":"https:\/\/alparedutores.com.br\/en\/wp-json\/wp\/v2\/media\/1362"}],"wp:attachment":[{"href":"https:\/\/alparedutores.com.br\/en\/wp-json\/wp\/v2\/media?parent=485"}],"wp:term":[{"taxonomy":"product_brand","embeddable":true,"href":"https:\/\/alparedutores.com.br\/en\/wp-json\/wp\/v2\/product_brand?post=485"},{"taxonomy":"product_cat","embeddable":true,"href":"https:\/\/alparedutores.com.br\/en\/wp-json\/wp\/v2\/product_cat?post=485"},{"taxonomy":"product_tag","embeddable":true,"href":"https:\/\/alparedutores.com.br\/en\/wp-json\/wp\/v2\/product_tag?post=485"}],"curies":[{"name":"wp","href":"https:\/\/api.w.org\/{rel}","templated":true}]}}