{"id":487,"date":"2022-01-14T17:28:29","date_gmt":"2022-01-14T17:28:29","guid":{"rendered":"https:\/\/startersites.io\/blocksy\/floreo\/?post_type=product&#038;p=487"},"modified":"2025-11-28T11:34:09","modified_gmt":"2025-11-28T14:34:09","slug":"sollicitudin-aliquam","status":"publish","type":"product","link":"https:\/\/alparedutores.com.br\/en\/product\/sollicitudin-aliquam\/","title":{"rendered":"Square-body worm and gear reducer"},"content":{"rendered":"<div id=\"output\" class=\"page-generator__output js-generator-output\">\n<p><strong>Caracter\u00edsticas:<\/strong><\/p>\n<p>Redutor de velocidade do tipo ROSCA SEM FIM E COROA, modelo de corpo quadrado, com diversas op\u00e7\u00f5es de redu\u00e7\u00f5es e montagens.<\/p>\n<p>At\u00e9 o tamanho 90 &#8211; Carca\u00e7a em Alum\u00ednio<br \/>\nA partir do tamanho 110 &#8211; Carca\u00e7a em Ferro Fundido<\/p>\n<p>&nbsp;<\/p>\n<p>Comporta motores de at\u00e9 25CV, sendo que para escolha do motor que ser\u00e1 acoplado temos op\u00e7\u00f5es de motores T3A &#8211; Trif\u00e1sico de alto rendimento, ML &#8211; Monof\u00e1sico,\u00a0 MS &#8211; Trif\u00e1sico e MSB &#8211; Motofreio, al\u00e9m de toda a linha de motores e motofreios WEG.<\/p>\n<p>&nbsp;<\/p>\n<p><strong>Informa\u00e7\u00f5es Redutor:<\/strong><br \/>\n&#8211; Fura\u00e7\u00f5es para fixa\u00e7\u00e3o na pr\u00f3pria carca\u00e7a;<br \/>\n&#8211; Lubrifica\u00e7\u00e3o permanente com \u00f3leo s\u00edntetico;<br \/>\n&#8211; Rolamentos vedados para montagem em qualquer posi\u00e7\u00e3o;<br \/>\n&#8211; Possibilidade de montagens de duplas redu\u00e7\u00f5es (baixas RPMs)<br \/>\n&#8211; Corpo em alum\u00ednio para tamanhos menores e ferro fundido para tamanhos maiores;<br \/>\n&#8211; Modularidade;<br \/>\n&#8211; Desenhos 2D ou 3D dos redutores.<\/p>\n<p>&nbsp;<\/p>\n<p><strong>Acess\u00f3rios:<\/strong><br \/>\n&#8211; Flanges de Sa\u00edda;<br \/>\n&#8211; Bra\u00e7os de Torque;<br \/>\n&#8211; Eixos de Sa\u00edda;<br \/>\n&#8211; Eixos de Entrada.<\/p>\n<p>&nbsp;<\/p>\n<p><strong>Opcionais:<\/strong><br \/>\n&#8211; Eixos com dimens\u00f5es especiais;<\/p>\n<\/div>","protected":false},"excerpt":{"rendered":"<p>Consequat ac felis donec et odio pellentesque diam volutpat commodo. Sollicitudin aliquam ultrices sagittis orci a. Netus et malesuada fames ac turpis egestas integer eget aliquet. Gravida cum sociis natoque penatibus et magnis dis parturient montes. Ut sem viverra aliquet eget sit amet tellus cras. Fermentum posuere urna nec tincidunt praesent semper feugiat nibh sed.<\/p>\n<p>Lacus vel facilisis volutpat est velit egestas. Aliquam eleifend mi in nulla posuere sollicitudin. Cras ornare arcu dui vivamus.<\/p>\n<p>Vitae suscipit tellus mauris a diam maecenas sed enim. Quis lectus nulla at volutpat diam ut. Orci a scelerisque purus semper eget duis at. Viverra aliquet eget sit amet tellus cras adipiscing enim eu. Justo laoreet sit amet cursus sit amet dictum sit. Leo duis ut diam quam nulla porttitor. Quis risus sed vulputate odio ut enim blandit. Mauris augue neque gravida in fermentum. Tellus molestie nunc non blandit massa enim nec dui nunc.<\/p>\n<p>Placerat duis ultricies lacus sed turpis tincidunt id aliquet. Phasellus egestas tellus rutrum tellus pellentesque.<\/p>","protected":false},"featured_media":1361,"comment_status":"open","ping_status":"closed","template":"","meta":{"_gspb_post_css":"","content-type":"","_joinchat":[]},"product_brand":[],"product_cat":[59],"product_tag":[],"class_list":{"0":"post-487","1":"product","2":"type-product","3":"status-publish","4":"has-post-thumbnail","6":"product_cat-rosca-sem-fim-e-coroa","8":"first","9":"instock","10":"featured","11":"downloadable","12":"shipping-taxable","13":"product-type-simple"},"_links":{"self":[{"href":"https:\/\/alparedutores.com.br\/en\/wp-json\/wp\/v2\/product\/487","targetHints":{"allow":["GET"]}}],"collection":[{"href":"https:\/\/alparedutores.com.br\/en\/wp-json\/wp\/v2\/product"}],"about":[{"href":"https:\/\/alparedutores.com.br\/en\/wp-json\/wp\/v2\/types\/product"}],"replies":[{"embeddable":true,"href":"https:\/\/alparedutores.com.br\/en\/wp-json\/wp\/v2\/comments?post=487"}],"wp:featuredmedia":[{"embeddable":true,"href":"https:\/\/alparedutores.com.br\/en\/wp-json\/wp\/v2\/media\/1361"}],"wp:attachment":[{"href":"https:\/\/alparedutores.com.br\/en\/wp-json\/wp\/v2\/media?parent=487"}],"wp:term":[{"taxonomy":"product_brand","embeddable":true,"href":"https:\/\/alparedutores.com.br\/en\/wp-json\/wp\/v2\/product_brand?post=487"},{"taxonomy":"product_cat","embeddable":true,"href":"https:\/\/alparedutores.com.br\/en\/wp-json\/wp\/v2\/product_cat?post=487"},{"taxonomy":"product_tag","embeddable":true,"href":"https:\/\/alparedutores.com.br\/en\/wp-json\/wp\/v2\/product_tag?post=487"}],"curies":[{"name":"wp","href":"https:\/\/api.w.org\/{rel}","templated":true}]}}