{"id":74,"date":"2022-01-13T08:46:25","date_gmt":"2022-01-13T08:46:25","guid":{"rendered":"https:\/\/startersites.io\/blocksy\/floreo\/?post_type=product&#038;p=74"},"modified":"2025-11-28T09:59:17","modified_gmt":"2025-11-28T12:59:17","slug":"inversores-diversos-modelos","status":"publish","type":"product","link":"https:\/\/alparedutores.com.br\/en\/product\/inversores-diversos-modelos\/","title":{"rendered":"Inversores \u2013 diversos modelos"},"content":{"rendered":"<div id=\"output\" class=\"page-generator__output js-generator-output\">\n<p><em><strong>Caracter\u00edsticas<\/strong><\/em><br \/>\nFaixas de Pot\u00eancia<br \/>\n220V -15%~240V+10% monof\u00e1sico: 0,4\u20262,2kW\/ 0,5\u2026 3HP\/ 2,5\u202610A<br \/>\n220V -15%~240V+10% trif\u00e1sico: 0,4\u20267,5kW\/ 0,5\u2026 10HP\/ 2,5\u202630A<br \/>\n380V-15% ~ 440V +10% trif\u00e1sico: 0,75\u202615Kw \/ 1\u202620HP\/ 2,5\u202632A<br \/>\nFrequ\u00eancia de sa\u00edda: 0~400Hz<br \/>\nM\u00e9todo de Controle: SVC (space vector control)<br \/>\nGrau de prote\u00e7\u00e3o: IP20<br \/>\nRela\u00e7\u00e3o de velocidade: 1:100<br \/>\nPrecis\u00e3o de controle de velocidade: + 2%<br \/>\nPrecis\u00e3o de controle de torque: 10%<br \/>\nSobrecarga<br \/>\n150% durante 1 minuto<br \/>\n180% durante 10 segundos<br \/>\nProte\u00e7\u00e3o contra falhas: sobre e sub-tens\u00e3o, sobrecorrente, sobrecarga, perda de fase entre<br \/>\noutras<br \/>\nTemperatura ambiente -10\u00baC a 50\u00baC com espa\u00e7o m\u00ednimo entre os inversores<br \/>\nComunica\u00e7\u00e3o RS-485 j\u00e1 incorporada<br \/>\nControle PID<br \/>\nAuto ajuste est\u00e1tico e rotativo dependendo do tipo de carga acoplada ao motor<br \/>\nControle por multi-velocidades<br \/>\nOpera\u00e7\u00e3o sem interrup\u00e7\u00f5es por falta de energia<br \/>\nSpeed tracking: se acopla ao motor em movimento<br \/>\nDiferentes modos de frenagem: frenagem CC, frenagem por fluxo e frenagem din\u00e2mica<br \/>\nUnidade de frenagem embutida<br \/>\nFun\u00e7\u00e3o de c\u00f3pia de par\u00e2metros via IHM externa<\/p>\n<p><em><strong>Aplica\u00e7\u00f5es<\/strong><\/em><br \/>\nAgitadores<br \/>\nMisturadores<br \/>\nCentr\u00edfugas<br \/>\nTrefilas<br \/>\nExtrusoras<br \/>\nInjetoras<br \/>\nM\u00e1quinas de embalagem<br \/>\nM\u00e1quinas de papel<\/p>\n<\/div>","protected":false},"excerpt":{"rendered":"<p><em><strong>Aplica\u00e7\u00f5es<\/strong><\/em><br \/>\nAgitadores<br \/>\nMisturadores<br \/>\nCentr\u00edfugas<br \/>\nTrefilas<br \/>\nExtrusoras<br \/>\nInjetoras<br \/>\nM\u00e1quinas de embalagem<br \/>\nM\u00e1quinas de papel<\/p>","protected":false},"featured_media":1372,"comment_status":"open","ping_status":"closed","template":"","meta":{"_gspb_post_css":"","content-type":"","_joinchat":[]},"product_brand":[],"product_cat":[64],"product_tag":[],"class_list":{"0":"post-74","1":"product","2":"type-product","3":"status-publish","4":"has-post-thumbnail","6":"product_cat-inversores","8":"first","9":"instock","10":"virtual","11":"product-type-simple"},"_links":{"self":[{"href":"https:\/\/alparedutores.com.br\/en\/wp-json\/wp\/v2\/product\/74","targetHints":{"allow":["GET"]}}],"collection":[{"href":"https:\/\/alparedutores.com.br\/en\/wp-json\/wp\/v2\/product"}],"about":[{"href":"https:\/\/alparedutores.com.br\/en\/wp-json\/wp\/v2\/types\/product"}],"replies":[{"embeddable":true,"href":"https:\/\/alparedutores.com.br\/en\/wp-json\/wp\/v2\/comments?post=74"}],"wp:featuredmedia":[{"embeddable":true,"href":"https:\/\/alparedutores.com.br\/en\/wp-json\/wp\/v2\/media\/1372"}],"wp:attachment":[{"href":"https:\/\/alparedutores.com.br\/en\/wp-json\/wp\/v2\/media?parent=74"}],"wp:term":[{"taxonomy":"product_brand","embeddable":true,"href":"https:\/\/alparedutores.com.br\/en\/wp-json\/wp\/v2\/product_brand?post=74"},{"taxonomy":"product_cat","embeddable":true,"href":"https:\/\/alparedutores.com.br\/en\/wp-json\/wp\/v2\/product_cat?post=74"},{"taxonomy":"product_tag","embeddable":true,"href":"https:\/\/alparedutores.com.br\/en\/wp-json\/wp\/v2\/product_tag?post=74"}],"curies":[{"name":"wp","href":"https:\/\/api.w.org\/{rel}","templated":true}]}}