{"id":86,"date":"2022-01-13T08:51:22","date_gmt":"2022-01-13T08:51:22","guid":{"rendered":"https:\/\/startersites.io\/blocksy\/floreo\/?post_type=product&#038;p=86"},"modified":"2025-11-28T11:56:32","modified_gmt":"2025-11-28T14:56:32","slug":"redutores-de-velocidade-extrusora","status":"publish","type":"product","link":"https:\/\/alparedutores.com.br\/en\/product\/redutores-de-velocidade-extrusora\/","title":{"rendered":"REDUTORES DE VELOCIDADE EXTRUSORA"},"content":{"rendered":"<div id=\"output\" class=\"page-generator__output js-generator-output\">\n<div class=\"textoConteudo\">\n<h5 dir=\"auto\"><strong>REDUTORES PARA EXTRUSORA:<\/strong><\/h5>\n<p class=\"body\" dir=\"auto\">Os redutores de velocidade para extrusoras modelo ALPA s\u00e3o de engrenagens cil\u00edndricas de dentes helicoidais retificadas e eixos paralelos, com grande resist\u00eancia \u00e0 cargas axiais, fornecido com caixa de rolamento para serem acoplados diretamente na rosca da extrusora. Acompanha bomba de \u00f3leo, que lubrifica as engrenagnes e resfriador do \u00f3leo por \u00e1gua. Fornecido com caixa de rolamentos de alta qualidade.<\/p>\n<\/div>\n<div class=\"textoConteudo\">\n<div class=\"layout-element layout-element--layout layout-element transition transition--undefined\" data-v-f5dd3112=\"\">\n<div id=\"zHvwbw\" class=\"text-box layout-element__component layout-element__component--GridTextBox\" data-v-f5dd3112=\"\" data-qa=\"gridtextbox:zhvwbw\">\n<div class=\"layout-element layout-element--layout layout-element transition transition--slide\" data-v-f5dd3112=\"\" data-animation-state=\"active\">\n<div id=\"z2uoBS\" class=\"text-box layout-element__component layout-element__component--GridTextBox\" data-v-f5dd3112=\"\" data-qa=\"gridtextbox:z2uobs\">\n<h5 dir=\"auto\"><strong>INFORMA\u00c7\u00d5ES DO REDUTOR:<\/strong><\/h5>\n<p class=\"body\" dir=\"auto\">\u2013 Alto Rendimento;<\/p>\n<p class=\"body\" dir=\"auto\">\u2013 Lubrifica\u00e7\u00e3o com \u00f3leo sint\u00e9tico;<\/p>\n<p class=\"body\" dir=\"auto\">\u2013 Modularidade;<\/p>\n<p class=\"body\" dir=\"auto\">\u2013 Desenhos 2D ou 3D dos redutores.;<\/p>\n<p class=\"body\" dir=\"auto\">-Alta capacidade de Torque;<\/p>\n<p class=\"body\" dir=\"auto\">-Robustez e Durabilidade;<\/p>\n<p class=\"body\" dir=\"auto\">-Efici\u00eancia Energ\u00e9tica.<\/p>\n<\/div>\n<\/div>\n<div class=\"layout-element layout-element--layout layout-element transition transition--slide\" data-v-f5dd3112=\"\" data-animation-state=\"active\">\n<div id=\"zeN75i\" class=\"text-box layout-element__component layout-element__component--GridTextBox\" data-v-f5dd3112=\"\" data-qa=\"gridtextbox:zen75i\">\n<h5 dir=\"auto\"><strong>REDU\u00c7\u00d5ES DISPON\u00cdVEIS:<\/strong><\/h5>\n<p class=\"body\" dir=\"auto\">-Redu\u00e7\u00e3o de 1\/16<\/p>\n<\/div>\n<\/div>\n<div class=\"layout-element layout-element--layout layout-element transition transition--slide\" data-v-f5dd3112=\"\" data-animation-state=\"active\">\n<div id=\"znOLGL\" class=\"grid-shape layout-element__component layout-element__component--GridShape\" data-v-f5dd3112=\"\" data-qa=\"gridshape:znolgl\"><\/div>\n<\/div>\n<div class=\"layout-element layout-element--layout layout-element transition transition--slide\" data-v-f5dd3112=\"\" data-animation-state=\"active\">\n<div id=\"zljbq4\" class=\"grid-shape layout-element__component layout-element__component--GridShape\" data-v-f5dd3112=\"\" data-qa=\"gridshape:zljbq4\"><\/div>\n<\/div>\n<div class=\"layout-element layout-element--layout layout-element transition transition--slide\" data-v-f5dd3112=\"\" data-animation-state=\"active\">\n<div id=\"zwcUKo\" class=\"text-box layout-element__component layout-element__component--GridTextBox\" data-v-f5dd3112=\"\" data-qa=\"gridtextbox:zwcuko\">\n<h5 dir=\"auto\"><strong>CARACTER\u00cdSTICAS:<\/strong><\/h5>\n<ol dir=\"auto\">\n<li>\n<p class=\"body\" dir=\"auto\"><strong>Alta capacidade de torque:<\/strong>\u00a0Os redutores de extrusora s\u00e3o projetados para lidar com altos n\u00edveis de torque, pois a extrus\u00e3o de materiais viscosos exige for\u00e7a consider\u00e1vel para empurrar o material atrav\u00e9s do canh\u00e3o da extrusora.<\/p>\n<\/li>\n<li>\n<p class=\"body\" dir=\"auto\"><strong>Efici\u00eancia energ\u00e9tica:\u00a0<\/strong>Para minimizar o consumo de energia, os redutores de extrusora s\u00e3o projetados para serem eficientes, convertendo a pot\u00eancia do motor em torque de sa\u00edda de forma eficaz.<\/p>\n<\/li>\n<li>\n<p class=\"body\" dir=\"auto\"><strong>Resfriamento adequado:<\/strong>\u00a0Devido ao trabalho cont\u00ednuo e ao alto torque envolvido na extrus\u00e3o, os redutores de extrusora muitas vezes incorporam sistemas de resfriamento para evitar o superaquecimento e garantir um funcionamento confi\u00e1vel.<\/p>\n<\/li>\n<li>\n<p class=\"body\" dir=\"auto\"><strong>Durabilidade:\u00a0<\/strong>Devido \u00e0s condi\u00e7\u00f5es de opera\u00e7\u00e3o rigorosas, os redutores de extrusora s\u00e3o constru\u00eddos para serem robustos e dur\u00e1veis, com materiais de alta qualidade e tratamentos t\u00e9rmicos para aumentar sua vida \u00fatil.<\/p>\n<\/li>\n<li>\n<p class=\"body\" dir=\"auto\"><strong>Precis\u00e3o de controle de velocidade:\u00a0<\/strong>Os redutores de extrusora devem oferecer controle preciso de velocidade para garantir a produ\u00e7\u00e3o de produtos extrudados com as dimens\u00f5es desejadas.<\/p>\n<\/li>\n<li>\n<p class=\"body\" dir=\"auto\"><strong>Manuten\u00e7\u00e3o f\u00e1cil:\u00a0<\/strong>\u00c9 importante que os redutores de extrusora sejam projetados para facilitar a manuten\u00e7\u00e3o, pois a manuten\u00e7\u00e3o regular \u00e9 fundamental para prolongar sua vida \u00fatil e evitar paradas n\u00e3o programadas na produ\u00e7\u00e3o.<\/p>\n<\/li>\n<li>\n<p class=\"body\" dir=\"auto\">V<strong>ariedade de rela\u00e7\u00f5es de transmiss\u00e3o:<\/strong>\u00a0Os redutores de extrusora podem oferecer uma variedade de rela\u00e7\u00f5es de transmiss\u00e3o para atender \u00e0s necessidades espec\u00edficas de diferentes processos de extrus\u00e3o.<\/p>\n<\/li>\n<li>\n<p class=\"body\" dir=\"auto\"><strong>Prote\u00e7\u00e3o contra sobrecarga:\u00a0<\/strong>Muitos redutores de extrusora incluem dispositivos de prote\u00e7\u00e3o contra sobrecarga, como embreagens de seguran\u00e7a, para evitar danos ao equipamento em caso de sobrecarga no sistema.<\/p>\n<\/li>\n<li>\n<p class=\"body\" dir=\"auto\"><strong>Compatibilidade com controles automatizados:<\/strong>\u00a0Os redutores de extrusora podem ser projetados para se integrarem facilmente a sistemas de controle automatizados, permitindo o ajuste preciso dos par\u00e2metros de opera\u00e7\u00e3o.<\/p>\n<\/li>\n<li>\n<p class=\"body\" dir=\"auto\"><strong>Op\u00e7\u00f5es de personaliza\u00e7\u00e3o<\/strong>: Para atender \u00e0s necessidades espec\u00edficas de diferentes aplica\u00e7\u00f5es de extrus\u00e3o, os redutores de extrusora podem ser personalizados em termos de tamanho, configura\u00e7\u00e3o e recursos adicionais.<\/p>\n<\/li>\n<\/ol>\n<\/div>\n<\/div>\n<\/div>\n<\/div>\n<\/div>\n<\/div>","protected":false},"excerpt":{"rendered":"<h5 dir=\"auto\"><strong>REDUTORES PARA EXTRUSORA:<\/strong><\/h5>\n<p class=\"body\" dir=\"auto\">Os redutores de velocidade para extrusoras modelo ALPA s\u00e3o de engrenagens cil\u00edndricas de dentes helicoidais retificadas e eixos paralelos, com grande resist\u00eancia \u00e0 cargas axiais, fornecido com caixa de rolamento para serem acoplados diretamente na rosca da extrusora. Acompanha bomba de \u00f3leo, que lubrifica as engrenagnes e resfriador do \u00f3leo por \u00e1gua. Fornecido com caixa de rolamentos de alta qualidade.<\/p>","protected":false},"featured_media":1369,"comment_status":"open","ping_status":"closed","template":"","meta":{"_gspb_post_css":"","content-type":"","_joinchat":[]},"product_brand":[],"product_cat":[63],"product_tag":[],"class_list":{"0":"post-86","1":"product","2":"type-product","3":"status-publish","4":"has-post-thumbnail","6":"product_cat-extrusora","8":"first","9":"instock","10":"virtual","11":"product-type-simple"},"_links":{"self":[{"href":"https:\/\/alparedutores.com.br\/en\/wp-json\/wp\/v2\/product\/86","targetHints":{"allow":["GET"]}}],"collection":[{"href":"https:\/\/alparedutores.com.br\/en\/wp-json\/wp\/v2\/product"}],"about":[{"href":"https:\/\/alparedutores.com.br\/en\/wp-json\/wp\/v2\/types\/product"}],"replies":[{"embeddable":true,"href":"https:\/\/alparedutores.com.br\/en\/wp-json\/wp\/v2\/comments?post=86"}],"wp:featuredmedia":[{"embeddable":true,"href":"https:\/\/alparedutores.com.br\/en\/wp-json\/wp\/v2\/media\/1369"}],"wp:attachment":[{"href":"https:\/\/alparedutores.com.br\/en\/wp-json\/wp\/v2\/media?parent=86"}],"wp:term":[{"taxonomy":"product_brand","embeddable":true,"href":"https:\/\/alparedutores.com.br\/en\/wp-json\/wp\/v2\/product_brand?post=86"},{"taxonomy":"product_cat","embeddable":true,"href":"https:\/\/alparedutores.com.br\/en\/wp-json\/wp\/v2\/product_cat?post=86"},{"taxonomy":"product_tag","embeddable":true,"href":"https:\/\/alparedutores.com.br\/en\/wp-json\/wp\/v2\/product_tag?post=86"}],"curies":[{"name":"wp","href":"https:\/\/api.w.org\/{rel}","templated":true}]}}